{"id":265,"date":"2020-07-19T13:35:27","date_gmt":"2020-07-19T11:35:27","guid":{"rendered":"http:\/\/malkomet.nyloncoffee.pl\/oferta\/konstrukcje-stalowe-2\/"},"modified":"2021-07-04T12:20:44","modified_gmt":"2021-07-04T10:20:44","slug":"konstrukcje-stalowe","status":"publish","type":"page","link":"https:\/\/malko-met.pl\/en\/offer\/steel-structures\/","title":{"rendered":"Steel structures"},"content":{"rendered":"<div data-elementor-type=\"wp-page\" data-elementor-id=\"265\" class=\"elementor elementor-265\">\n\t\t\t\t\t\t\t\t\t<section class=\"has_eae_slider elementor-section elementor-top-section elementor-element elementor-element-d554ce2 elementor-section-boxed elementor-section-height-default elementor-section-height-default\" data-id=\"d554ce2\" data-element_type=\"section\">\n\t\t\t\t\t\t<div class=\"elementor-container elementor-column-gap-default\">\n\t\t\t\t\t<div class=\"has_eae_slider elementor-column elementor-col-50 elementor-top-column elementor-element elementor-element-7edaa39\" data-id=\"7edaa39\" data-element_type=\"column\">\n\t\t\t<div class=\"elementor-widget-wrap elementor-element-populated\">\n\t\t\t\t\t\t\t\t<div class=\"elementor-element elementor-element-a8c72db elementor-widget elementor-widget-text-editor\" data-id=\"a8c72db\" data-element_type=\"widget\" data-widget_type=\"text-editor.default\">\n\t\t\t\t<div class=\"elementor-widget-container\">\n\t\t\t<style>\/*! elementor - v3.13.3 - 28-05-2023 *\/\n.elementor-widget-text-editor.elementor-drop-cap-view-stacked .elementor-drop-cap{background-color:#69727d;color:#fff}.elementor-widget-text-editor.elementor-drop-cap-view-framed .elementor-drop-cap{color:#69727d;border:3px solid;background-color:transparent}.elementor-widget-text-editor:not(.elementor-drop-cap-view-default) .elementor-drop-cap{margin-top:8px}.elementor-widget-text-editor:not(.elementor-drop-cap-view-default) .elementor-drop-cap-letter{width:1em;height:1em}.elementor-widget-text-editor .elementor-drop-cap{float:left;text-align:center;line-height:1;font-size:50px}.elementor-widget-text-editor .elementor-drop-cap-letter{display:inline-block}<\/style>\t\t\t\t<p><strong>To meet the expectations of<\/strong> customers representing various industries, we offer professional services in the field of design, production, anti-corrosion protection and assembly of steel structures. We handle structures of various utility parameters and intended use, offering functional, durable and aesthetic solutions. Our offer includes execution and assembly in accordance with EN 1090 up to Execution Class EXC-3: <\/p>\n<ul>\n<li>industrial buildings,<\/li>\n<li>public buildings,<\/li>\n<li> engineering structures,<\/li>\n<li>energy engineering and environmental protection facilities,<\/li>\n<li>offshore structures,<\/li>\n<li>bridge structures and footbridges<\/li>\n<li>chemical and petrochemical facilities,<\/li>\n<li>radar and telecommunications towers<\/li>\n<\/ul>\t\t\t\t\t\t<\/div>\n\t\t\t\t<\/div>\n\t\t\t\t\t<\/div>\n\t\t<\/div>\n\t\t\t\t<div class=\"has_eae_slider elementor-column elementor-col-50 elementor-top-column elementor-element elementor-element-7af3e1a\" data-id=\"7af3e1a\" data-element_type=\"column\">\n\t\t\t<div class=\"elementor-widget-wrap elementor-element-populated\">\n\t\t\t\t\t\t\t\t<div class=\"elementor-element elementor-element-d1866b4 elementor-widget elementor-widget-image\" data-id=\"d1866b4\" data-element_type=\"widget\" data-widget_type=\"image.default\">\n\t\t\t\t<div class=\"elementor-widget-container\">\n\t\t\t<style>\/*! elementor - v3.13.3 - 28-05-2023 *\/\n.elementor-widget-image{text-align:center}.elementor-widget-image a{display:inline-block}.elementor-widget-image a img[src$=\".svg\"]{width:48px}.elementor-widget-image img{vertical-align:middle;display:inline-block}<\/style>\t\t\t\t\t\t\t\t\t\t\t\t<img decoding=\"async\" width=\"665\" height=\"229\" src=\"https:\/\/malko-met.pl\/wp-content\/uploads\/offer-img1.jpg\" class=\"attachment-large size-large wp-image-75\" alt=\"\" loading=\"lazy\" \/>\t\t\t\t\t\t\t\t\t\t\t\t\t\t\t<\/div>\n\t\t\t\t<\/div>\n\t\t\t\t<div class=\"elementor-element elementor-element-4998e36 elementor-widget elementor-widget-text-editor\" data-id=\"4998e36\" data-element_type=\"widget\" data-widget_type=\"text-editor.default\">\n\t\t\t\t<div class=\"elementor-widget-container\">\n\t\t\t\t\t\t\t<h3 class=\"with-border-left\">All projects are carried out in close cooperation with the principal, which translates into even better adjustment of the structural parameters to the client's expectations and the purpose of the facility.<\/h3>\t\t\t\t\t\t<\/div>\n\t\t\t\t<\/div>\n\t\t\t\t\t<\/div>\n\t\t<\/div>\n\t\t\t\t\t\t\t<\/div>\n\t\t<\/section>\n\t\t\t\t<section class=\"has_eae_slider elementor-section elementor-top-section elementor-element elementor-element-6c5f392 elementor-section-boxed elementor-section-height-default elementor-section-height-default\" data-id=\"6c5f392\" data-element_type=\"section\">\n\t\t\t\t\t\t\t<div class=\"elementor-background-overlay\"><\/div>\n\t\t\t\t\t\t\t<div class=\"elementor-container elementor-column-gap-default\">\n\t\t\t\t\t<div class=\"has_eae_slider elementor-column elementor-col-100 elementor-top-column elementor-element elementor-element-8a8f151\" data-id=\"8a8f151\" data-element_type=\"column\">\n\t\t\t<div class=\"elementor-widget-wrap elementor-element-populated\">\n\t\t\t\t\t\t\t\t<div class=\"elementor-element elementor-element-34ccc9e elementor-widget elementor-widget-heading\" data-id=\"34ccc9e\" data-element_type=\"widget\" data-widget_type=\"heading.default\">\n\t\t\t\t<div class=\"elementor-widget-container\">\n\t\t\t<style>\/*! elementor - v3.13.3 - 28-05-2023 *\/\n.elementor-heading-title{padding:0;margin:0;line-height:1}.elementor-widget-heading .elementor-heading-title[class*=elementor-size-]>a{color:inherit;font-size:inherit;line-height:inherit}.elementor-widget-heading .elementor-heading-title.elementor-size-small{font-size:15px}.elementor-widget-heading .elementor-heading-title.elementor-size-medium{font-size:19px}.elementor-widget-heading .elementor-heading-title.elementor-size-large{font-size:29px}.elementor-widget-heading .elementor-heading-title.elementor-size-xl{font-size:39px}.elementor-widget-heading .elementor-heading-title.elementor-size-xxl{font-size:59px}<\/style><h3 class=\"elementor-heading-title elementor-size-default\">On an area of ca.1000m2, our Steel Structure Factory,  equipped with modern welding and metalworking equipment, has a capacity of about 180 tons of structures per month and meets the following quality requirements:\n\n<\/h3>\t\t<\/div>\n\t\t\t\t<\/div>\n\t\t\t\t<section class=\"has_eae_slider elementor-section elementor-inner-section elementor-element elementor-element-a1e1581 elementor-section-boxed elementor-section-height-default elementor-section-height-default\" data-id=\"a1e1581\" data-element_type=\"section\">\n\t\t\t\t\t\t<div class=\"elementor-container elementor-column-gap-default\">\n\t\t\t\t\t<div class=\"has_eae_slider elementor-column elementor-col-50 elementor-inner-column elementor-element elementor-element-f37cca5\" data-id=\"f37cca5\" data-element_type=\"column\">\n\t\t\t<div class=\"elementor-widget-wrap elementor-element-populated\">\n\t\t\t\t\t\t\t\t<div class=\"elementor-element elementor-element-de47247 elementor-widget elementor-widget-text-editor\" data-id=\"de47247\" data-element_type=\"widget\" data-widget_type=\"text-editor.default\">\n\t\t\t\t<div class=\"elementor-widget-container\">\n\t\t\t\t\t\t\t<ul><li>Structure execution class up to EXC3, according to PN-EN 1090<\/li><li>All metallurgical and welding materials used for preparation of the structures have 3.1 approvals in accordance with PN-EN 10204<\/li><li>Welded joints made according to EN 1090-2 and EN ISO 3834<\/li><li>The quality level of the welds is in accordance with EN ISO 5817<\/li><li>Welding supervision Welding engineer Welder IWE - Tasks and responsibilities according to EN ISO 14731<\/li><\/ul>\t\t\t\t\t\t<\/div>\n\t\t\t\t<\/div>\n\t\t\t\t\t<\/div>\n\t\t<\/div>\n\t\t\t\t<div class=\"has_eae_slider elementor-column elementor-col-50 elementor-inner-column elementor-element elementor-element-1a70309\" data-id=\"1a70309\" data-element_type=\"column\">\n\t\t\t<div class=\"elementor-widget-wrap elementor-element-populated\">\n\t\t\t\t\t\t\t\t<div class=\"elementor-element elementor-element-8089a56 elementor-widget elementor-widget-text-editor\" data-id=\"8089a56\" data-element_type=\"widget\" data-widget_type=\"text-editor.default\">\n\t\t\t\t<div class=\"elementor-widget-container\">\n\t\t\t\t\t\t\t<ul><li>Qualification test for welders according to EN ISO 9606-1<\/li><li>Specification and qualification of welding procedures for metals, welding procedure test EN ISO 15614\/EN ISO 15613<\/li><li>Welding process instructions according to EN ISO 15609-1<\/li><li>Facility authorizations   EN 1090, ISO 3834<\/li><li>Qualification and certification of non-destructive testing personnel (VT,MT,PT,UT) according to PN-EN ISO 9712<\/li><\/ul>\t\t\t\t\t\t<\/div>\n\t\t\t\t<\/div>\n\t\t\t\t\t<\/div>\n\t\t<\/div>\n\t\t\t\t\t\t\t<\/div>\n\t\t<\/section>\n\t\t\t\t\t<\/div>\n\t\t<\/div>\n\t\t\t\t\t\t\t<\/div>\n\t\t<\/section>\n\t\t\t\t<section class=\"has_eae_slider elementor-section elementor-top-section elementor-element elementor-element-6fdc3a9 elementor-section-boxed elementor-section-height-default elementor-section-height-default\" data-id=\"6fdc3a9\" data-element_type=\"section\">\n\t\t\t\t\t\t<div class=\"elementor-container elementor-column-gap-default\">\n\t\t\t\t\t<div class=\"has_eae_slider elementor-column elementor-col-50 elementor-top-column elementor-element elementor-element-d23e35b\" data-id=\"d23e35b\" data-element_type=\"column\">\n\t\t\t<div class=\"elementor-widget-wrap elementor-element-populated\">\n\t\t\t\t\t\t\t\t<div class=\"elementor-element elementor-element-157fb34 elementor-widget elementor-widget-heading\" data-id=\"157fb34\" data-element_type=\"widget\" data-widget_type=\"heading.default\">\n\t\t\t\t<div class=\"elementor-widget-container\">\n\t\t\t<h3 class=\"elementor-heading-title elementor-size-default\">Projects responding to real needs<\/h3>\t\t<\/div>\n\t\t\t\t<\/div>\n\t\t\t\t<div class=\"elementor-element elementor-element-9f94c6b elementor-widget elementor-widget-image\" data-id=\"9f94c6b\" data-element_type=\"widget\" data-widget_type=\"image.default\">\n\t\t\t\t<div class=\"elementor-widget-container\">\n\t\t\t\t\t\t\t\t\t\t\t\t\t\t\t<img decoding=\"async\" width=\"614\" height=\"213\" src=\"https:\/\/malko-met.pl\/wp-content\/uploads\/offer-img3.png\" class=\"attachment-large size-large wp-image-72\" alt=\"\" loading=\"lazy\" \/>\t\t\t\t\t\t\t\t\t\t\t\t\t\t\t<\/div>\n\t\t\t\t<\/div>\n\t\t\t\t\t<\/div>\n\t\t<\/div>\n\t\t\t\t<div class=\"has_eae_slider elementor-column elementor-col-50 elementor-top-column elementor-element elementor-element-60474bb\" data-id=\"60474bb\" data-element_type=\"column\">\n\t\t\t<div class=\"elementor-widget-wrap elementor-element-populated\">\n\t\t\t\t\t\t\t\t<div class=\"elementor-element elementor-element-233dc13 elementor-widget elementor-widget-text-editor\" data-id=\"233dc13\" data-element_type=\"widget\" data-widget_type=\"text-editor.default\">\n\t\t\t\t<div class=\"elementor-widget-container\">\n\t\t\t\t\t\t\t<p>When designing steel structures and elements of building metalwork, we pay special attention to the idea which is to combine specific needs of the investor with technical requirements for specific steel structures and expectations of their potential users. As an experienced manufacturer of steel structures, we make every effort to offer our clients the solutions that are the most effective and at the same time the most beneficial from the perspective of the investment budget.<\/p><p><strong>Clients interested in establishing cooperation are encouraged to familiarize themselves with our existing projects and <a href=\"https:\/\/malko-met.pl\/en\/implementations\/\" target=\"_blank\" rel=\"noopener\">contact us.<\/a>.<\/strong><\/p>\t\t\t\t\t\t<\/div>\n\t\t\t\t<\/div>\n\t\t\t\t\t<\/div>\n\t\t<\/div>\n\t\t\t\t\t\t\t<\/div>\n\t\t<\/section>\n\t\t\t\t\t\t\t<\/div>","protected":false},"excerpt":{"rendered":"<p>Wychodz\u0105c naprzeciw oczekiwaniom klient\u00f3w reprezentuj\u0105cych r\u00f3\u017cne bran\u017ce oferujemy profesjonalne us\u0142ugi w zakresie projektowania, produkcji, zabezpieczenia antykorozyjnego oraz monta\u017cu konstrukcji stalowych. Obs\u0142ugujemy konstrukcje o zr\u00f3\u017cnicowanych parametrach u\u017cytkowych i przeznaczeniu, oferuj\u0105c rozwi\u0105zania funkcjonalne, trwa\u0142e i estetyczne. Nasza oferta obejmuje wykonanie i monta\u017c zgodnie z norm\u0105 EN 1090 do klasy wykonania EXC-3: hal produkcyjno-magazynowych, hal sportowych i widowiskowych, [&hellip;]<\/p>","protected":false},"author":4,"featured_media":0,"parent":103,"menu_order":5,"comment_status":"closed","ping_status":"closed","template":"","meta":[],"acf":[],"_links":{"self":[{"href":"https:\/\/malko-met.pl\/en\/wp-json\/wp\/v2\/pages\/265"}],"collection":[{"href":"https:\/\/malko-met.pl\/en\/wp-json\/wp\/v2\/pages"}],"about":[{"href":"https:\/\/malko-met.pl\/en\/wp-json\/wp\/v2\/types\/page"}],"author":[{"embeddable":true,"href":"https:\/\/malko-met.pl\/en\/wp-json\/wp\/v2\/users\/4"}],"replies":[{"embeddable":true,"href":"https:\/\/malko-met.pl\/en\/wp-json\/wp\/v2\/comments?post=265"}],"version-history":[{"count":7,"href":"https:\/\/malko-met.pl\/en\/wp-json\/wp\/v2\/pages\/265\/revisions"}],"predecessor-version":[{"id":563,"href":"https:\/\/malko-met.pl\/en\/wp-json\/wp\/v2\/pages\/265\/revisions\/563"}],"up":[{"embeddable":true,"href":"https:\/\/malko-met.pl\/en\/wp-json\/wp\/v2\/pages\/103"}],"wp:attachment":[{"href":"https:\/\/malko-met.pl\/en\/wp-json\/wp\/v2\/media?parent=265"}],"curies":[{"name":"wp","href":"https:\/\/api.w.org\/{rel}","templated":true}]}}