{"id":109,"date":"2020-07-19T13:35:59","date_gmt":"2020-07-19T11:35:59","guid":{"rendered":"http:\/\/malkomet.nyloncoffee.pl\/?page_id=109"},"modified":"2021-06-14T09:18:27","modified_gmt":"2021-06-14T07:18:27","slug":"certyfikaty","status":"publish","type":"page","link":"https:\/\/malko-met.pl\/en\/certificates\/","title":{"rendered":"Certificates"},"content":{"rendered":"<div data-elementor-type=\"wp-page\" data-elementor-id=\"109\" class=\"elementor elementor-109\">\n\t\t\t\t\t\t\t\t\t<section class=\"has_eae_slider elementor-section elementor-top-section elementor-element elementor-element-f594493 elementor-section-boxed elementor-section-height-default elementor-section-height-default\" data-id=\"f594493\" data-element_type=\"section\">\n\t\t\t\t\t\t<div class=\"elementor-container elementor-column-gap-default\">\n\t\t\t\t\t<div class=\"has_eae_slider elementor-column elementor-col-100 elementor-top-column elementor-element elementor-element-45a9aeb\" data-id=\"45a9aeb\" data-element_type=\"column\">\n\t\t\t<div class=\"elementor-widget-wrap elementor-element-populated\">\n\t\t\t\t\t\t\t\t<div class=\"elementor-element elementor-element-5d08409 elementor-widget elementor-widget-heading\" data-id=\"5d08409\" data-element_type=\"widget\" data-widget_type=\"heading.default\">\n\t\t\t\t<div class=\"elementor-widget-container\">\n\t\t\t<style>\/*! elementor - v3.13.3 - 28-05-2023 *\/\n.elementor-heading-title{padding:0;margin:0;line-height:1}.elementor-widget-heading .elementor-heading-title[class*=elementor-size-]>a{color:inherit;font-size:inherit;line-height:inherit}.elementor-widget-heading .elementor-heading-title.elementor-size-small{font-size:15px}.elementor-widget-heading .elementor-heading-title.elementor-size-medium{font-size:19px}.elementor-widget-heading .elementor-heading-title.elementor-size-large{font-size:29px}.elementor-widget-heading .elementor-heading-title.elementor-size-xl{font-size:39px}.elementor-widget-heading .elementor-heading-title.elementor-size-xxl{font-size:59px}<\/style><h3 class=\"elementor-heading-title elementor-size-default\"><a href=\"http:\/\/Certyfikat_MALKO-MET_3834-2.pdf\">The Malko-Met brand is made up of highly specialized experts with excellent knowledge of the industry and extensive professional experience. Our competence is confirmed by numerous certificates. \n <br> <\/a><\/h3>\t\t<\/div>\n\t\t\t\t<\/div>\n\t\t\t\t\t<\/div>\n\t\t<\/div>\n\t\t\t\t\t\t\t<\/div>\n\t\t<\/section>\n\t\t\t\t<section class=\"has_eae_slider elementor-section elementor-top-section elementor-element elementor-element-997de7c elementor-section-boxed elementor-section-height-default elementor-section-height-default\" data-id=\"997de7c\" data-element_type=\"section\">\n\t\t\t\t\t\t<div class=\"elementor-container elementor-column-gap-default\">\n\t\t\t\t\t<div class=\"has_eae_slider elementor-column elementor-col-100 elementor-top-column elementor-element elementor-element-c79ad31\" data-id=\"c79ad31\" data-element_type=\"column\">\n\t\t\t<div class=\"elementor-widget-wrap elementor-element-populated\">\n\t\t\t\t\t\t\t\t<div class=\"elementor-element elementor-element-61b61ca elementor-align-center cert-buttons elementor-widget elementor-widget-button\" data-id=\"61b61ca\" data-element_type=\"widget\" data-widget_type=\"button.default\">\n\t\t\t\t<div class=\"elementor-widget-container\">\n\t\t\t\t\t<div class=\"elementor-button-wrapper\">\n\t\t\t<a href=\"http:\/\/..\/wp-content\/uploads\/Certyfikat_MALKO-MET_3834-2-1.pdf\" target=\"_blank\" class=\"elementor-button-link elementor-button elementor-size-xs\" role=\"button\" id=\"cert-buttons\">\n\t\t\t\t\t\t<span class=\"elementor-button-content-wrapper\">\n\t\t\t\t\t\t\t<span class=\"elementor-button-icon elementor-align-icon-right\">\n\t\t\t\t<i aria-hidden=\"true\" class=\"far fa-file-pdf\"><\/i>\t\t\t<\/span>\n\t\t\t\t\t\t<span class=\"elementor-button-text\"><b>EN ISO 3834 2:2005<\/b> evaluation of the welding process<\/span>\n\t\t<\/span>\n\t\t\t\t\t<\/a>\n\t\t<\/div>\n\t\t\t\t<\/div>\n\t\t\t\t<\/div>\n\t\t\t\t<div class=\"elementor-element elementor-element-a986e13 elementor-align-center cert-buttons elementor-widget elementor-widget-button\" data-id=\"a986e13\" data-element_type=\"widget\" data-widget_type=\"button.default\">\n\t\t\t\t<div class=\"elementor-widget-container\">\n\t\t\t\t\t<div class=\"elementor-button-wrapper\">\n\t\t\t<a href=\"http:\/\/..\/wp-content\/uploads\/1090-2_-_Spawalnicze_Swiadectwo_Kwalifikacji.pdf\" target=\"_blank\" class=\"elementor-button-link elementor-button elementor-size-xs\" role=\"button\" id=\"cert-buttons\">\n\t\t\t\t\t\t<span class=\"elementor-button-content-wrapper\">\n\t\t\t\t\t\t\t<span class=\"elementor-button-icon elementor-align-icon-right\">\n\t\t\t\t<i aria-hidden=\"true\" class=\"far fa-file-pdf\"><\/i>\t\t\t<\/span>\n\t\t\t\t\t\t<span class=\"elementor-button-text\"><b>EN 1090 2:2018<\/b> Welding Qualification Certificate<\/span>\n\t\t<\/span>\n\t\t\t\t\t<\/a>\n\t\t<\/div>\n\t\t\t\t<\/div>\n\t\t\t\t<\/div>\n\t\t\t\t<div class=\"elementor-element elementor-element-ab2fb22 elementor-align-center cert-buttons elementor-widget elementor-widget-button\" data-id=\"ab2fb22\" data-element_type=\"widget\" data-widget_type=\"button.default\">\n\t\t\t\t<div class=\"elementor-widget-container\">\n\t\t\t\t\t<div class=\"elementor-button-wrapper\">\n\t\t\t<a href=\"http:\/\/..\/wp-content\/uploads\/1090-1_-_Certyfikat_Zgodnosci_Zakladowej_Kontroli_Produkcji.pdf\" target=\"_blank\" class=\"elementor-button-link elementor-button elementor-size-xs\" role=\"button\" id=\"cert-buttons\">\n\t\t\t\t\t\t<span class=\"elementor-button-content-wrapper\">\n\t\t\t\t\t\t\t<span class=\"elementor-button-icon elementor-align-icon-right\">\n\t\t\t\t<i aria-hidden=\"true\" class=\"far fa-file-pdf\"><\/i>\t\t\t<\/span>\n\t\t\t\t\t\t<span class=\"elementor-button-text\"><b>EN 1090 1:2009+A1:2011<\/b> Conformity of Factory Production Control<\/span>\n\t\t<\/span>\n\t\t\t\t\t<\/a>\n\t\t<\/div>\n\t\t\t\t<\/div>\n\t\t\t\t<\/div>\n\t\t\t\t<div class=\"elementor-element elementor-element-364a3c8 nylon-logo elementor-widget elementor-widget-image\" data-id=\"364a3c8\" data-element_type=\"widget\" data-widget_type=\"image.default\">\n\t\t\t\t<div class=\"elementor-widget-container\">\n\t\t\t<style>\/*! elementor - v3.13.3 - 28-05-2023 *\/\n.elementor-widget-image{text-align:center}.elementor-widget-image a{display:inline-block}.elementor-widget-image a img[src$=\".svg\"]{width:48px}.elementor-widget-image img{vertical-align:middle;display:inline-block}<\/style>\t\t\t\t\t\t\t\t\t\t\t\t<img decoding=\"async\" width=\"18\" height=\"19\" src=\"https:\/\/malko-met.pl\/wp-content\/uploads\/nylon-logo.png\" class=\"attachment-large size-large wp-image-82\" alt=\"\" loading=\"lazy\" \/>\t\t\t\t\t\t\t\t\t\t\t\t\t\t\t<\/div>\n\t\t\t\t<\/div>\n\t\t\t\t\t<\/div>\n\t\t<\/div>\n\t\t\t\t\t\t\t<\/div>\n\t\t<\/section>\n\t\t\t\t\t\t\t<\/div>","protected":false},"excerpt":{"rendered":"<p>Mark\u0119 Malko-Met tworz\u0105 wysoko wyspecjalizowani eksperci wyr\u00f3\u017cniaj\u0105cy si\u0119 doskona\u0142\u0105 znajomo\u015bci\u0105 bran\u017cy i bogatym do\u015bwiadczeniem zawodowym. Nasze kompetencje potwierdzaj\u0105 liczne certyfikaty. EN ISO 3834 2:2005 0cena procesu spawalniczego EN 1090 2:2018 Spawalnicze \u015awiadectwo Kwalifikacji EN 1090 1:2009+A1:2011 Zgodno\u015bci Zak\u0142adowej Kontroli Produkcji<\/p>","protected":false},"author":4,"featured_media":0,"parent":0,"menu_order":7,"comment_status":"closed","ping_status":"closed","template":"","meta":[],"acf":[],"_links":{"self":[{"href":"https:\/\/malko-met.pl\/en\/wp-json\/wp\/v2\/pages\/109"}],"collection":[{"href":"https:\/\/malko-met.pl\/en\/wp-json\/wp\/v2\/pages"}],"about":[{"href":"https:\/\/malko-met.pl\/en\/wp-json\/wp\/v2\/types\/page"}],"author":[{"embeddable":true,"href":"https:\/\/malko-met.pl\/en\/wp-json\/wp\/v2\/users\/4"}],"replies":[{"embeddable":true,"href":"https:\/\/malko-met.pl\/en\/wp-json\/wp\/v2\/comments?post=109"}],"version-history":[{"count":22,"href":"https:\/\/malko-met.pl\/en\/wp-json\/wp\/v2\/pages\/109\/revisions"}],"predecessor-version":[{"id":558,"href":"https:\/\/malko-met.pl\/en\/wp-json\/wp\/v2\/pages\/109\/revisions\/558"}],"wp:attachment":[{"href":"https:\/\/malko-met.pl\/en\/wp-json\/wp\/v2\/media?parent=109"}],"curies":[{"name":"wp","href":"https:\/\/api.w.org\/{rel}","templated":true}]}}